{"id":54,"date":"2024-08-03T14:18:30","date_gmt":"2024-08-03T11:18:30","guid":{"rendered":"https:\/\/cedgo.net\/en\/?page_id=54"},"modified":"2025-10-24T16:55:35","modified_gmt":"2025-10-24T13:55:35","slug":"event-calendar","status":"publish","type":"page","link":"https:\/\/cedgo.net\/en\/event-calendar","title":{"rendered":"Event Calendar"},"content":{"rendered":"\n<ul class=\"wp-block-list\">\n<li>4 A\u011fustos A G\u00fcn\u00fc<\/li>\n\n\n\n<li>5 A\u011fustos B G\u00fcn\u00fc<\/li>\n\n\n\n<li>6 A\u011fustos C G\u00fcn\u00fc<\/li>\n\n\n\n<li>7 A\u011fustos D G\u00fcn\u00fc<\/li>\n\n\n\n<li>8 A\u011fustos E G\u00fcn\u00fc<\/li>\n\n\n\n<li>9 A\u011fustos F G\u00fcn\u00fc<\/li>\n<\/ul>\n","protected":false},"excerpt":{"rendered":"","protected":false},"author":1,"featured_media":0,"parent":0,"menu_order":0,"comment_status":"closed","ping_status":"closed","template":"page-events.php","meta":{"footnotes":""},"class_list":["post-54","page","type-page","status-publish","hentry"],"_links":{"self":[{"href":"https:\/\/cedgo.net\/en\/wp-json\/wp\/v2\/pages\/54","targetHints":{"allow":["GET"]}}],"collection":[{"href":"https:\/\/cedgo.net\/en\/wp-json\/wp\/v2\/pages"}],"about":[{"href":"https:\/\/cedgo.net\/en\/wp-json\/wp\/v2\/types\/page"}],"author":[{"embeddable":true,"href":"https:\/\/cedgo.net\/en\/wp-json\/wp\/v2\/users\/1"}],"replies":[{"embeddable":true,"href":"https:\/\/cedgo.net\/en\/wp-json\/wp\/v2\/comments?post=54"}],"version-history":[{"count":4,"href":"https:\/\/cedgo.net\/en\/wp-json\/wp\/v2\/pages\/54\/revisions"}],"predecessor-version":[{"id":255,"href":"https:\/\/cedgo.net\/en\/wp-json\/wp\/v2\/pages\/54\/revisions\/255"}],"wp:attachment":[{"href":"https:\/\/cedgo.net\/en\/wp-json\/wp\/v2\/media?parent=54"}],"curies":[{"name":"wp","href":"https:\/\/api.w.org\/{rel}","templated":true}]}}